{"id":959,"date":"2020-10-28T15:14:33","date_gmt":"2020-10-28T19:14:33","guid":{"rendered":"https:\/\/domaineduridge.com\/ordering-our-wines\/"},"modified":"2024-05-10T10:15:44","modified_gmt":"2024-05-10T14:15:44","slug":"ordering-our-wines","status":"publish","type":"page","link":"https:\/\/domaineduridge.com\/en\/ordering-our-wines\/","title":{"rendered":"ORDERING OUR WINES"},"content":{"rendered":"\n<h1>\n\t\tOUR SELECTION OF WINES <br \/>TO ORDER ONLINE\n\t<\/h1>\n\t<p>Our wines are also available in most SAQ and grocery stores in Qu\u00e9bec.<\/p>\n\t\t<ul>\n<li>\n\t\t<a href=\"https:\/\/domaineduridge.com\/en\/produit\/le-stanbridge\/\"><img width=\"300\" height=\"450\" src=\"https:\/\/domaineduridge.com\/wp-content\/uploads\/\/Stanbridge-2021-300x450.png\" alt=\"\" decoding=\"async\" loading=\"lazy\" srcset=\"https:\/\/domaineduridge.com\/wp-content\/uploads\/\/Stanbridge-2021-300x450.png 300w, https:\/\/domaineduridge.com\/wp-content\/uploads\/Stanbridge-2021-200x300.png 200w, https:\/\/domaineduridge.com\/wp-content\/uploads\/Stanbridge-2021-683x1024.png 683w, https:\/\/domaineduridge.com\/wp-content\/uploads\/Stanbridge-2021-768x1152.png 768w, https:\/\/domaineduridge.com\/wp-content\/uploads\/Stanbridge-2021-600x900.png 600w, https:\/\/domaineduridge.com\/wp-content\/uploads\/Stanbridge-2021.png 1000w\" sizes=\"auto, (max-width: 300px) 100vw, 300px\" \/><\/a>Quick View<a href=?add-to-cart=1011 data-product_id=\"1011\">Add to cart<\/a>\t\t\t\n\t\t\t\tWhite wine\t\t\t\n\t\t\t<a href=\"https:\/\/domaineduridge.com\/en\/produit\/le-stanbridge\/\"><h2>Le Stanbridge<\/h2><\/a>\n<\/li>\n<li>\n\t\t<a href=\"https:\/\/domaineduridge.com\/en\/produit\/champs-de-florence\/\"><img width=\"300\" height=\"450\" src=\"https:\/\/domaineduridge.com\/wp-content\/uploads\/\/ChampsdeFlorence-300x450.png\" alt=\"\" decoding=\"async\" loading=\"lazy\" srcset=\"https:\/\/domaineduridge.com\/wp-content\/uploads\/\/ChampsdeFlorence-300x450.png 300w, https:\/\/domaineduridge.com\/wp-content\/uploads\/ChampsdeFlorence-200x300.png 200w, https:\/\/domaineduridge.com\/wp-content\/uploads\/ChampsdeFlorence-683x1024.png 683w, https:\/\/domaineduridge.com\/wp-content\/uploads\/ChampsdeFlorence-768x1152.png 768w, https:\/\/domaineduridge.com\/wp-content\/uploads\/ChampsdeFlorence-600x900.png 600w, https:\/\/domaineduridge.com\/wp-content\/uploads\/ChampsdeFlorence.png 1000w\" sizes=\"auto, (max-width: 300px) 100vw, 300px\" \/><\/a>Quick View<a href=?add-to-cart=1009 data-product_id=\"1009\">Add to cart<\/a>\t\t\t\n\t\t\t\tRos\u00e9\t\t\t\n\t\t\t<a href=\"https:\/\/domaineduridge.com\/en\/produit\/champs-de-florence\/\"><h2>Champs de Florence<\/h2><\/a>\n<\/li>\n<li>\n\t\t<a href=\"https:\/\/domaineduridge.com\/en\/produit\/le-batonnier\/\"><img width=\"300\" height=\"450\" src=\"https:\/\/domaineduridge.com\/wp-content\/uploads\/\/Batonnier-300x450.png\" alt=\"\" decoding=\"async\" loading=\"lazy\" srcset=\"https:\/\/domaineduridge.com\/wp-content\/uploads\/\/Batonnier-300x450.png 300w, https:\/\/domaineduridge.com\/wp-content\/uploads\/Batonnier-200x300.png 200w, https:\/\/domaineduridge.com\/wp-content\/uploads\/Batonnier-683x1024.png 683w, https:\/\/domaineduridge.com\/wp-content\/uploads\/Batonnier-768x1152.png 768w, https:\/\/domaineduridge.com\/wp-content\/uploads\/Batonnier-600x900.png 600w, https:\/\/domaineduridge.com\/wp-content\/uploads\/Batonnier.png 1000w\" sizes=\"auto, (max-width: 300px) 100vw, 300px\" \/><\/a>Quick View<a href=?add-to-cart=1000 data-product_id=\"1000\">Add to cart<\/a>\t\t\t\n\t\t\t\tRed wine\t\t\t\n\t\t\t<a href=\"https:\/\/domaineduridge.com\/en\/produit\/le-batonnier\/\"><h2>Le B\u00e2tonnier<\/h2><\/a>\n<\/li>\n<li>\n\t\t<a href=\"https:\/\/domaineduridge.com\/en\/produit\/lhonorable\/\"><img width=\"300\" height=\"450\" src=\"https:\/\/domaineduridge.com\/wp-content\/uploads\/\/Honorable-300x450.png\" alt=\"\" decoding=\"async\" loading=\"lazy\" srcset=\"https:\/\/domaineduridge.com\/wp-content\/uploads\/\/Honorable-300x450.png 300w, https:\/\/domaineduridge.com\/wp-content\/uploads\/Honorable-200x300.png 200w, https:\/\/domaineduridge.com\/wp-content\/uploads\/Honorable-683x1024.png 683w, https:\/\/domaineduridge.com\/wp-content\/uploads\/Honorable-768x1152.png 768w, https:\/\/domaineduridge.com\/wp-content\/uploads\/Honorable-600x900.png 600w, https:\/\/domaineduridge.com\/wp-content\/uploads\/Honorable.png 1000w\" sizes=\"auto, (max-width: 300px) 100vw, 300px\" \/><\/a>Quick View<a href=?add-to-cart=999 data-product_id=\"999\">Add to cart<\/a>\t\t\t\n\t\t\t\tRed wine\t\t\t\n\t\t\t<a href=\"https:\/\/domaineduridge.com\/en\/produit\/lhonorable\/\"><h2>L&#8217;Honorable<\/h2><\/a>\n<\/li>\n<li>\n\t\t<a href=\"https:\/\/domaineduridge.com\/en\/produit\/bise-dautomne\/\"><img width=\"300\" height=\"450\" src=\"https:\/\/domaineduridge.com\/wp-content\/uploads\/\/Bise-300x450.png\" alt=\"\" decoding=\"async\" loading=\"lazy\" srcset=\"https:\/\/domaineduridge.com\/wp-content\/uploads\/\/Bise-300x450.png 300w, https:\/\/domaineduridge.com\/wp-content\/uploads\/Bise-200x300.png 200w, https:\/\/domaineduridge.com\/wp-content\/uploads\/Bise-683x1024.png 683w, https:\/\/domaineduridge.com\/wp-content\/uploads\/Bise-768x1152.png 768w, https:\/\/domaineduridge.com\/wp-content\/uploads\/Bise-600x900.png 600w, https:\/\/domaineduridge.com\/wp-content\/uploads\/Bise.png 1000w\" sizes=\"auto, (max-width: 300px) 100vw, 300px\" \/><\/a>Quick View<a href=?add-to-cart=998 data-product_id=\"998\">Add to cart<\/a>\t\t\t\n\t\t\t\tSpecialties\t\t\t\n\t\t\t<a href=\"https:\/\/domaineduridge.com\/en\/produit\/bise-dautomne\/\"><h2>Bise d&#8217;Automne<\/h2><\/a>\n<\/li>\n<li>\n\t\t<a href=\"https:\/\/domaineduridge.com\/en\/produit\/saint-martin\/\"><img width=\"300\" height=\"450\" src=\"https:\/\/domaineduridge.com\/wp-content\/uploads\/\/Saint-Martin-300x450.png\" alt=\"\" decoding=\"async\" loading=\"lazy\" srcset=\"https:\/\/domaineduridge.com\/wp-content\/uploads\/\/Saint-Martin-300x450.png 300w, https:\/\/domaineduridge.com\/wp-content\/uploads\/Saint-Martin-200x300.png 200w, https:\/\/domaineduridge.com\/wp-content\/uploads\/Saint-Martin-683x1024.png 683w, https:\/\/domaineduridge.com\/wp-content\/uploads\/Saint-Martin-768x1152.png 768w, https:\/\/domaineduridge.com\/wp-content\/uploads\/Saint-Martin-600x900.png 600w, https:\/\/domaineduridge.com\/wp-content\/uploads\/Saint-Martin.png 1000w\" sizes=\"auto, (max-width: 300px) 100vw, 300px\" \/><\/a>Quick View<a href=?add-to-cart=997 data-product_id=\"997\">Add to cart<\/a>\t\t\t\n\t\t\t\tSpecialties\t\t\t\n\t\t\t<a href=\"https:\/\/domaineduridge.com\/en\/produit\/saint-martin\/\"><h2>Saint-Martin<\/h2><\/a>\n<\/li>\n<li>\n\t\t<a href=\"https:\/\/domaineduridge.com\/en\/produit\/fado\/\"><img width=\"300\" height=\"450\" src=\"https:\/\/domaineduridge.com\/wp-content\/uploads\/\/Fado-1-300x450.png\" alt=\"\" decoding=\"async\" loading=\"lazy\" srcset=\"https:\/\/domaineduridge.com\/wp-content\/uploads\/\/Fado-1-300x450.png 300w, https:\/\/domaineduridge.com\/wp-content\/uploads\/Fado-1-200x300.png 200w, https:\/\/domaineduridge.com\/wp-content\/uploads\/Fado-1-683x1024.png 683w, https:\/\/domaineduridge.com\/wp-content\/uploads\/Fado-1-768x1152.png 768w, https:\/\/domaineduridge.com\/wp-content\/uploads\/Fado-1-600x900.png 600w, https:\/\/domaineduridge.com\/wp-content\/uploads\/Fado-1.png 1000w\" sizes=\"auto, (max-width: 300px) 100vw, 300px\" \/><\/a>Quick View<a href=?add-to-cart=996 data-product_id=\"996\">Add to cart<\/a>\t\t\t\n\t\t\t\tSpecialties\t\t\t\n\t\t\t<a href=\"https:\/\/domaineduridge.com\/en\/produit\/fado\/\"><h2>Fado<\/h2><\/a>\n<\/li>\n<li>\n\t\t<a href=\"https:\/\/domaineduridge.com\/en\/produit\/blanc\/\"><img width=\"300\" height=\"450\" src=\"https:\/\/domaineduridge.com\/wp-content\/uploads\/\/DDR_Blanc-300x450.png\" alt=\"\" decoding=\"async\" loading=\"lazy\" srcset=\"https:\/\/domaineduridge.com\/wp-content\/uploads\/\/DDR_Blanc-300x450.png 300w, https:\/\/domaineduridge.com\/wp-content\/uploads\/DDR_Blanc-200x300.png 200w, https:\/\/domaineduridge.com\/wp-content\/uploads\/DDR_Blanc-683x1024.png 683w, https:\/\/domaineduridge.com\/wp-content\/uploads\/DDR_Blanc-768x1152.png 768w, https:\/\/domaineduridge.com\/wp-content\/uploads\/DDR_Blanc-600x900.png 600w, https:\/\/domaineduridge.com\/wp-content\/uploads\/DDR_Blanc.png 1000w\" sizes=\"auto, (max-width: 300px) 100vw, 300px\" \/><\/a>Quick View<a href=?add-to-cart=8624 data-product_id=\"8624\">Add to cart<\/a>\t\t\t\n\t\t\t\tWhite wine\t\t\t\n\t\t\t<a href=\"https:\/\/domaineduridge.com\/en\/produit\/blanc\/\"><h2>Blanc &#8211; Domaine du Ridge<\/h2><\/a>\n<\/li>\n<li>\n\t\t<a href=\"https:\/\/domaineduridge.com\/en\/produit\/rose\/\"><img width=\"300\" height=\"450\" src=\"https:\/\/domaineduridge.com\/wp-content\/uploads\/\/DDr_Rose-300x450.png\" alt=\"\" decoding=\"async\" loading=\"lazy\" srcset=\"https:\/\/domaineduridge.com\/wp-content\/uploads\/\/DDr_Rose-300x450.png 300w, https:\/\/domaineduridge.com\/wp-content\/uploads\/DDr_Rose-200x300.png 200w, https:\/\/domaineduridge.com\/wp-content\/uploads\/DDr_Rose-683x1024.png 683w, https:\/\/domaineduridge.com\/wp-content\/uploads\/DDr_Rose-768x1152.png 768w, https:\/\/domaineduridge.com\/wp-content\/uploads\/DDr_Rose-600x900.png 600w, https:\/\/domaineduridge.com\/wp-content\/uploads\/DDr_Rose.png 1000w\" sizes=\"auto, (max-width: 300px) 100vw, 300px\" \/><\/a>Quick View<a href=?add-to-cart=8650 data-product_id=\"8650\">Add to cart<\/a>\t\t\t\n\t\t\t\tRos\u00e9\t\t\t\n\t\t\t<a href=\"https:\/\/domaineduridge.com\/en\/produit\/rose\/\"><h2>Ros\u00e9 &#8211; Domaine du Ridge<\/h2><\/a>\n<\/li>\n<li>\n\t\t<a href=\"https:\/\/domaineduridge.com\/en\/produit\/rouge\/\"><img width=\"300\" height=\"450\" src=\"https:\/\/domaineduridge.com\/wp-content\/uploads\/\/DDR_Rouge-300x450.png\" alt=\"\" decoding=\"async\" loading=\"lazy\" srcset=\"https:\/\/domaineduridge.com\/wp-content\/uploads\/\/DDR_Rouge-300x450.png 300w, https:\/\/domaineduridge.com\/wp-content\/uploads\/DDR_Rouge-200x300.png 200w, https:\/\/domaineduridge.com\/wp-content\/uploads\/DDR_Rouge-683x1024.png 683w, https:\/\/domaineduridge.com\/wp-content\/uploads\/DDR_Rouge-768x1152.png 768w, https:\/\/domaineduridge.com\/wp-content\/uploads\/DDR_Rouge-600x900.png 600w, https:\/\/domaineduridge.com\/wp-content\/uploads\/DDR_Rouge.png 1000w\" sizes=\"auto, (max-width: 300px) 100vw, 300px\" \/><\/a>Quick View<a href=?add-to-cart=8654 data-product_id=\"8654\">Add to cart<\/a>\t\t\t\n\t\t\t\tRed wine\t\t\t\n\t\t\t<a href=\"https:\/\/domaineduridge.com\/en\/produit\/rouge\/\"><h2>Rouge &#8211; Domaine du Ridge<\/h2><\/a>\n<\/li>\n<li>\n\t\t<a href=\"https:\/\/domaineduridge.com\/en\/produit\/mystic\/\"><img width=\"300\" height=\"450\" src=\"https:\/\/domaineduridge.com\/wp-content\/uploads\/\/Mystic-300x450.png\" alt=\"\" decoding=\"async\" loading=\"lazy\" srcset=\"https:\/\/domaineduridge.com\/wp-content\/uploads\/\/Mystic-300x450.png 300w, https:\/\/domaineduridge.com\/wp-content\/uploads\/Mystic-200x300.png 200w, https:\/\/domaineduridge.com\/wp-content\/uploads\/Mystic-683x1024.png 683w, https:\/\/domaineduridge.com\/wp-content\/uploads\/Mystic-768x1152.png 768w, https:\/\/domaineduridge.com\/wp-content\/uploads\/Mystic-600x900.png 600w, https:\/\/domaineduridge.com\/wp-content\/uploads\/Mystic.png 1000w\" sizes=\"auto, (max-width: 300px) 100vw, 300px\" \/><\/a>Quick View<a href=?add-to-cart=8665 data-product_id=\"8665\">Add to cart<\/a>\t\t\t\n\t\t\t\tSpecialties\t\t\t\n\t\t\t<a href=\"https:\/\/domaineduridge.com\/en\/produit\/mystic\/\"><h2>Mystic<\/h2><\/a>\n<\/li>\n<li>\n\t\t<a href=\"https:\/\/domaineduridge.com\/en\/produit\/les-petites-cuvees-seyval-vidal\/\"><img width=\"300\" height=\"450\" src=\"https:\/\/domaineduridge.com\/wp-content\/uploads\/\/Seyval-Vidal-300x450.png\" alt=\"\" decoding=\"async\" loading=\"lazy\" srcset=\"https:\/\/domaineduridge.com\/wp-content\/uploads\/\/Seyval-Vidal-300x450.png 300w, https:\/\/domaineduridge.com\/wp-content\/uploads\/Seyval-Vidal-200x300.png 200w, https:\/\/domaineduridge.com\/wp-content\/uploads\/Seyval-Vidal-683x1024.png 683w, https:\/\/domaineduridge.com\/wp-content\/uploads\/Seyval-Vidal-768x1152.png 768w, https:\/\/domaineduridge.com\/wp-content\/uploads\/Seyval-Vidal-600x900.png 600w, https:\/\/domaineduridge.com\/wp-content\/uploads\/Seyval-Vidal.png 1000w\" sizes=\"auto, (max-width: 300px) 100vw, 300px\" \/><\/a>Quick View<a href=?add-to-cart=11928 data-product_id=\"11928\">Add to cart<\/a>\t\t\t\n\t\t\t\tWhite wine\t\t\t\n\t\t\t<a href=\"https:\/\/domaineduridge.com\/en\/produit\/les-petites-cuvees-seyval-vidal\/\"><h2>Les Petites Cuv\u00e9es &#8211; Seyval\/Vidal<\/h2><\/a>\n<\/li>\n<li>\n\t\t<a href=\"https:\/\/domaineduridge.com\/en\/produit\/les-petites-cuvees-vidal-brut\/\"><img width=\"300\" height=\"450\" src=\"https:\/\/domaineduridge.com\/wp-content\/uploads\/\/Vidal-Brut-300x450.png\" alt=\"\" decoding=\"async\" loading=\"lazy\" srcset=\"https:\/\/domaineduridge.com\/wp-content\/uploads\/\/Vidal-Brut-300x450.png 300w, https:\/\/domaineduridge.com\/wp-content\/uploads\/Vidal-Brut-200x300.png 200w, https:\/\/domaineduridge.com\/wp-content\/uploads\/Vidal-Brut-683x1024.png 683w, https:\/\/domaineduridge.com\/wp-content\/uploads\/Vidal-Brut-768x1152.png 768w, https:\/\/domaineduridge.com\/wp-content\/uploads\/Vidal-Brut-600x900.png 600w, https:\/\/domaineduridge.com\/wp-content\/uploads\/Vidal-Brut.png 1000w\" sizes=\"auto, (max-width: 300px) 100vw, 300px\" \/><\/a>Quick View<a href=?add-to-cart=11932 data-product_id=\"11932\">Add to cart<\/a>\t\t\t\n\t\t\t\tWhite wine\t\t\t\n\t\t\t<a href=\"https:\/\/domaineduridge.com\/en\/produit\/les-petites-cuvees-vidal-brut\/\"><h2>Les Petites Cuv\u00e9es &#8211; Vidal Brut<\/h2><\/a>\n<\/li>\n<\/ul>\n\t\t<!--\n\t\t-->\n\t\t\t\t\t\t<a href=\"#\" id=\"uabb-quick-view-close\"><\/a>\n\n","protected":false},"excerpt":{"rendered":"<p>OUR SELECTION OF WINES TO ORDER ONLINE Our wines are also available in most SAQ and grocery stores in Qu\u00e9bec. Quick ViewAdd to cart White wine Le Stanbridge Quick ViewAdd to cart Ros\u00e9 Champs de Florence Quick ViewAdd to cart Red wine Le B\u00e2tonnier Quick ViewAdd to cart Red wine L&#8217;Honorable Quick ViewAdd to cart [&hellip;]<\/p>\n","protected":false},"author":1,"featured_media":0,"parent":0,"menu_order":5,"comment_status":"closed","ping_status":"closed","template":"","meta":{"_acf_changed":false,"_seopress_robots_primary_cat":"","_seopress_titles_title":"Our wines - order online","_seopress_titles_desc":"Our selection of wines to order online. Most of our wines are also on sale at the SAQ and in Quebec grocery stores.","_seopress_robots_index":"","site-sidebar-layout":"default","site-content-layout":"default","ast-site-content-layout":"default","site-content-style":"default","site-sidebar-style":"default","ast-global-header-display":"","ast-banner-title-visibility":"","ast-main-header-display":"","ast-hfb-above-header-display":"","ast-hfb-below-header-display":"","ast-hfb-mobile-header-display":"","site-post-title":"disabled","ast-breadcrumbs-content":"","ast-featured-img":"","footer-sml-layout":"","theme-transparent-header-meta":"default","adv-header-id-meta":"","stick-header-meta":"default","header-above-stick-meta":"","header-main-stick-meta":"","header-below-stick-meta":"","astra-migrate-meta-layouts":"set","ast-page-background-enabled":"default","ast-page-background-meta":{"desktop":{"background-color":"","background-image":"","background-repeat":"repeat","background-position":"center center","background-size":"auto","background-attachment":"scroll","background-type":"","background-media":"","overlay-type":"","overlay-color":"","overlay-opacity":"","overlay-gradient":""},"tablet":{"background-color":"","background-image":"","background-repeat":"repeat","background-position":"center center","background-size":"auto","background-attachment":"scroll","background-type":"","background-media":"","overlay-type":"","overlay-color":"","overlay-opacity":"","overlay-gradient":""},"mobile":{"background-color":"","background-image":"","background-repeat":"repeat","background-position":"center center","background-size":"auto","background-attachment":"scroll","background-type":"","background-media":"","overlay-type":"","overlay-color":"","overlay-opacity":"","overlay-gradient":""}},"ast-content-background-meta":{"desktop":{"background-color":"var(--ast-global-color-5)","background-image":"","background-repeat":"repeat","background-position":"center center","background-size":"auto","background-attachment":"scroll","background-type":"","background-media":"","overlay-type":"","overlay-color":"","overlay-opacity":"","overlay-gradient":""},"tablet":{"background-color":"var(--ast-global-color-5)","background-image":"","background-repeat":"repeat","background-position":"center center","background-size":"auto","background-attachment":"scroll","background-type":"","background-media":"","overlay-type":"","overlay-color":"","overlay-opacity":"","overlay-gradient":""},"mobile":{"background-color":"var(--ast-global-color-5)","background-image":"","background-repeat":"repeat","background-position":"center center","background-size":"auto","background-attachment":"scroll","background-type":"","background-media":"","overlay-type":"","overlay-color":"","overlay-opacity":"","overlay-gradient":""}},"footnotes":""},"class_list":["post-959","page","type-page","status-publish","hentry"],"acf":[],"_links":{"self":[{"href":"https:\/\/domaineduridge.com\/en\/wp-json\/wp\/v2\/pages\/959","targetHints":{"allow":["GET"]}}],"collection":[{"href":"https:\/\/domaineduridge.com\/en\/wp-json\/wp\/v2\/pages"}],"about":[{"href":"https:\/\/domaineduridge.com\/en\/wp-json\/wp\/v2\/types\/page"}],"author":[{"embeddable":true,"href":"https:\/\/domaineduridge.com\/en\/wp-json\/wp\/v2\/users\/1"}],"replies":[{"embeddable":true,"href":"https:\/\/domaineduridge.com\/en\/wp-json\/wp\/v2\/comments?post=959"}],"version-history":[{"count":7,"href":"https:\/\/domaineduridge.com\/en\/wp-json\/wp\/v2\/pages\/959\/revisions"}],"predecessor-version":[{"id":12459,"href":"https:\/\/domaineduridge.com\/en\/wp-json\/wp\/v2\/pages\/959\/revisions\/12459"}],"wp:attachment":[{"href":"https:\/\/domaineduridge.com\/en\/wp-json\/wp\/v2\/media?parent=959"}],"curies":[{"name":"wp","href":"https:\/\/api.w.org\/{rel}","templated":true}]}}